{"id":338,"date":"2018-11-21T13:59:44","date_gmt":"2018-11-21T13:59:44","guid":{"rendered":"https:\/\/demo.gloriathemes.com\/eventchamp\/demo\/?page_id=338"},"modified":"2018-11-21T13:59:44","modified_gmt":"2018-11-21T13:59:44","slug":"footer-style-1","status":"publish","type":"page","link":"https:\/\/eroticmassagesfuengirola.com\/es\/footer-style-1\/","title":{"rendered":"Footer"},"content":{"rendered":"<div class=\"vc_row wpb_row vc_row-fluid gt-background-position-initial gt-background-attachment-initial gt-overflow-hidden gt-text-default\"><div class=\"wpb_column vc_column_container vc_col-sm-12 vc_col-lg-4 vc_col-md-4 vc_col-xs-12\"><div class=\"vc_column-inner\"><div class=\"wpb_wrapper\"><div class=\"gt-heading gt-white gt-size2 gt-align-left\"><div class=\"gt-title\">Contacta<\/div><\/div><div class=\"vc_empty_space\"   style=\"height: 25px\"><span class=\"vc_empty_space_inner\"><\/span><\/div><div class=\"gt-contact-box\"><div class=\"gt-item gt-address\"><svg xmlns=\"http:\/\/www.w3.org\/2000\/svg\" viewbox=\"0 0 24 24\" fill=\"none\" stroke=\"currentColor\" stroke-width=\"2\" stroke-linecap=\"round\" stroke-linejoin=\"round\"><path d=\"M21 10c0 7-9 13-9 13s-9-6-9-13a9 9 0 0 1 18 0z\"><\/path><circle cx=\"12\" cy=\"10\" r=\"3\"><\/circle><\/svg>Walking Street, Los Angeles, California, USA<\/div><div class=\"gt-item gt-email\"><svg xmlns=\"http:\/\/www.w3.org\/2000\/svg\" viewbox=\"0 0 24 24\" fill=\"none\" stroke=\"currentColor\" stroke-width=\"2\" stroke-linecap=\"round\" stroke-linejoin=\"round\"><path d=\"M4 4h16c1.1 0 2 .9 2 2v12c0 1.1-.9 2-2 2H4c-1.1 0-2-.9-2-2V6c0-1.1.9-2 2-2z\"><\/path><polyline points=\"22,6 12,13 2,6\"><\/polyline><\/svg><a href=\"mailto:info@eventchamp.com\">info@eventchamp.com<\/a><\/div><div class=\"gt-item gt-phone\"><svg xmlns=\"http:\/\/www.w3.org\/2000\/svg\" viewbox=\"0 0 24 24\" fill=\"none\" stroke=\"currentColor\" stroke-width=\"2\" stroke-linecap=\"round\" stroke-linejoin=\"round\"><path d=\"M22 16.92v3a2 2 0 0 1-2.18 2 19.79 19.79 0 0 1-8.63-3.07 19.5 19.5 0 0 1-6-6 19.79 19.79 0 0 1-3.07-8.67A2 2 0 0 1 4.11 2h3a2 2 0 0 1 2 1.72 12.84 12.84 0 0 0 .7 2.81 2 2 0 0 1-.45 2.11L8.09 9.91a16 16 0 0 0 6 6l1.27-1.27a2 2 0 0 1 2.11-.45 12.84 12.84 0 0 0 2.81.7A2 2 0 0 1 22 16.92z\"><\/path><\/svg><a href=\"tel:++903126912\">+90 312 69 12<\/a><\/div><div class=\"gt-item gt-fax\"><svg xmlns=\"http:\/\/www.w3.org\/2000\/svg\" viewbox=\"0 0 24 24\" fill=\"none\" stroke=\"currentColor\" stroke-width=\"2\" stroke-linecap=\"round\" stroke-linejoin=\"round\"><polyline points=\"6 9 6 2 18 2 18 9\"><\/polyline><path d=\"M6 18H4a2 2 0 0 1-2-2v-5a2 2 0 0 1 2-2h16a2 2 0 0 1 2 2v5a2 2 0 0 1-2 2h-2\"><\/path><rect x=\"6\" y=\"14\" width=\"12\" height=\"8\"><\/rect><\/svg>+55 215 70 20<\/div><\/div><div class=\"vc_empty_space\"   style=\"height: 25px\"><span class=\"vc_empty_space_inner\"><\/span><\/div><div class=\"gt-social-links-element gt-style-6\"><\/div><\/div><\/div><\/div><div class=\"wpb_column vc_column_container vc_col-sm-12 vc_col-lg-4 vc_col-md-4 vc_col-xs-12\"><div class=\"vc_column-inner\"><div class=\"wpb_wrapper\"><div class=\"gt-heading gt-white gt-size2 gt-align-left\"><div class=\"gt-title\">Latest Posts<\/div><\/div><div class=\"vc_empty_space\"   style=\"height: 25px\"><span class=\"vc_empty_space_inner\"><\/span><\/div><div class=\"gt-blog gt-style3\"><div class=\"gt-columns gt-column-1 gt-column-space-15\"><div class=\"gt-col\"><div class=\"gt-inner\"><div class=\"gt-post-style-3\"><div class=\"gt-content\"><div class=\"gt-title\"><a href=\"https:\/\/eroticmassagesfuengirola.com\/es\/2024\/02\/26\/exploring-the-essence-of-tantra-massage-in-fuengirola-spain\/\">Exploring the Essence of Tantra Massage in Fuengirola, Spain<\/a><\/div><div class=\"gt-information\"><div class=\"gt-item\"><svg xmlns=\"http:\/\/www.w3.org\/2000\/svg\" viewbox=\"0 0 24 24\" fill=\"none\" stroke=\"currentColor\" stroke-width=\"2\" stroke-linecap=\"round\" stroke-linejoin=\"round\"><rect x=\"3\" y=\"4\" width=\"18\" height=\"18\" rx=\"2\" ry=\"2\"><\/rect><line x1=\"16\" y1=\"2\" x2=\"16\" y2=\"6\"><\/line><line x1=\"8\" y1=\"2\" x2=\"8\" y2=\"6\"><\/line><line x1=\"3\" y1=\"10\" x2=\"21\" y2=\"10\"><\/line><\/svg>26\/02\/2024<\/div><\/div><\/div><\/div><\/div><\/div><div class=\"gt-col\"><div class=\"gt-inner\"><div class=\"gt-post-style-3\"><div class=\"gt-image\"><a href=\"https:\/\/eroticmassagesfuengirola.com\/es\/2018\/11\/23\/masaje-tantrico\/\"><img loading=\"lazy\" decoding=\"async\" width=\"150\" height=\"150\" src=\"data:image\/svg+xml,%3Csvg%20xmlns%3D%27http:\/\/www.w3.org\/2000\/svg%27%20viewBox%3D%270%200%203%202%27%3E%3C\/svg%3E\" class=\"attachment-thumbnail size-thumbnail gt-lazy-load wp-post-image\" alt=\"Tantric Erotic Massage Fuengirola Tantra Sensitive6\" data-src=\"https:\/\/eroticmassagesfuengirola.com\/wp-content\/uploads\/2018\/11\/Tantric-Erotic-Massage-Fuengirola-Tantra-Sensitive6-150x150.png\" data-srcset=\"https:\/\/eroticmassagesfuengirola.com\/wp-content\/uploads\/2018\/11\/Tantric-Erotic-Massage-Fuengirola-Tantra-Sensitive6-150x150.png 150w, https:\/\/eroticmassagesfuengirola.com\/wp-content\/uploads\/2018\/11\/Tantric-Erotic-Massage-Fuengirola-Tantra-Sensitive6-300x300.png 300w, https:\/\/eroticmassagesfuengirola.com\/wp-content\/uploads\/2018\/11\/Tantric-Erotic-Massage-Fuengirola-Tantra-Sensitive6-1024x1024.png 1024w, https:\/\/eroticmassagesfuengirola.com\/wp-content\/uploads\/2018\/11\/Tantric-Erotic-Massage-Fuengirola-Tantra-Sensitive6-768x768.png 768w, https:\/\/eroticmassagesfuengirola.com\/wp-content\/uploads\/2018\/11\/Tantric-Erotic-Massage-Fuengirola-Tantra-Sensitive6-12x12.png 12w, https:\/\/eroticmassagesfuengirola.com\/wp-content\/uploads\/2018\/11\/Tantric-Erotic-Massage-Fuengirola-Tantra-Sensitive6-350x350.png 350w, https:\/\/eroticmassagesfuengirola.com\/wp-content\/uploads\/2018\/11\/Tantric-Erotic-Massage-Fuengirola-Tantra-Sensitive6-650x650.png 650w, https:\/\/eroticmassagesfuengirola.com\/wp-content\/uploads\/2018\/11\/Tantric-Erotic-Massage-Fuengirola-Tantra-Sensitive6-85x85.png 85w, https:\/\/eroticmassagesfuengirola.com\/wp-content\/uploads\/2018\/11\/Tantric-Erotic-Massage-Fuengirola-Tantra-Sensitive6-600x600.png 600w, https:\/\/eroticmassagesfuengirola.com\/wp-content\/uploads\/2018\/11\/Tantric-Erotic-Massage-Fuengirola-Tantra-Sensitive6-100x100.png 100w, https:\/\/eroticmassagesfuengirola.com\/wp-content\/uploads\/2018\/11\/Tantric-Erotic-Massage-Fuengirola-Tantra-Sensitive6.png 1080w\" data-sizes=\"(max-width: 150px) 100vw, 150px\" \/><\/a><\/div><div class=\"gt-content\"><div class=\"gt-title\"><a href=\"https:\/\/eroticmassagesfuengirola.com\/es\/2018\/11\/23\/masaje-tantrico\/\">Que es el Masaje T\u00e1ntrico<\/a><\/div><div class=\"gt-information\"><div class=\"gt-item\"><svg xmlns=\"http:\/\/www.w3.org\/2000\/svg\" viewbox=\"0 0 24 24\" fill=\"none\" stroke=\"currentColor\" stroke-width=\"2\" stroke-linecap=\"round\" stroke-linejoin=\"round\"><rect x=\"3\" y=\"4\" width=\"18\" height=\"18\" rx=\"2\" ry=\"2\"><\/rect><line x1=\"16\" y1=\"2\" x2=\"16\" y2=\"6\"><\/line><line x1=\"8\" y1=\"2\" x2=\"8\" y2=\"6\"><\/line><line x1=\"3\" y1=\"10\" x2=\"21\" y2=\"10\"><\/line><\/svg>23\/11\/2018<\/div><\/div><\/div><\/div><\/div><\/div><\/div><\/div><\/div><\/div><\/div><div class=\"wpb_column vc_column_container vc_col-sm-12 vc_col-lg-4 vc_col-md-4 vc_col-xs-12\"><div class=\"vc_column-inner\"><div class=\"wpb_wrapper\"><div class=\"gt-heading gt-white gt-size2 gt-align-left\"><div class=\"gt-title\">Our Apps<\/div><\/div><div class=\"vc_empty_space\"   style=\"height: 20px\"><span class=\"vc_empty_space_inner\"><\/span><\/div>\n\t<div class=\"wpb_text_column wpb_content_element\" >\n\t\t<div class=\"wpb_wrapper\">\n\t\t\t<p>Lorem ipsum dolor sit amet, consectetur adipiscing elit. <strong>Maecenas et ultrices massa, sed porta dui<\/strong> lobortis tincidunt. Sed diam nonummy nibh euismod.<\/p>\n\n\t\t<\/div>\n\t<\/div>\n<div class=\"gt-app-box\"><div class=\"gt-item gt-applestore\"><a href=\"https:\/\/gloriathemes.com\/\" target=\"_blank\" rel=\"noopener\"><svg xmlns=\"http:\/\/www.w3.org\/2000\/svg\" viewbox=\"0 0 384 512\"><path fill=\"currentColor\" d=\"M318.7 268.7c-.2-36.7 16.4-64.4 50-84.8-18.8-26.9-47.2-41.7-84.7-44.6-35.5-2.8-74.3 20.7-88.5 20.7-15 0-49.4-19.7-76.4-19.7C63.3 141.2 4 184.8 4 273.5q0 39.3 14.4 81.2c12.8 36.7 59 126.7 107.2 125.2 25.2-.6 43-17.9 75.8-17.9 31.8 0 48.3 17.9 76.4 17.9 48.6-.7 90.4-82.5 102.6-119.3-65.2-30.7-61.7-90-61.7-91.9zm-56.6-164.2c27.3-32.4 24.8-61.9 24-72.5-24.1 1.4-52 16.4-67.9 34.9-17.5 19.8-27.8 44.3-25.6 71.9 26.1 2 49.9-11.4 69.5-34.3z\"><\/path><\/svg><div class=\"gt-inner\"><span class=\"gt-name\">Download via<\/span><span class=\"gt-app-name\">Apple Store<\/span><\/div><\/a><\/div><div class=\"gt-item gt-googleplay\"><a href=\"https:\/\/gloriathemes.com\/\" target=\"_blank\" rel=\"noopener\"><svg xmlns=\"http:\/\/www.w3.org\/2000\/svg\" viewbox=\"0 0 512 512\"><path fill=\"currentColor\" d=\"M325.3 234.3L104.6 13l280.8 161.2-60.1 60.1zM47 0C34 6.8 25.3 19.2 25.3 35.3v441.3c0 16.1 8.7 28.5 21.7 35.3l256.6-256L47 0zm425.2 225.6l-58.9-34.1-65.7 64.5 65.7 64.5 60.1-34.1c18-14.3 18-46.5-1.2-60.8zM104.6 499l280.8-161.2-60.1-60.1L104.6 499z\"><\/path><\/svg><div class=\"gt-inner\"><span class=\"gt-name\">Download via<\/span><span class=\"gt-app-name\">Google Play<\/span><\/div><\/a><\/div><div class=\"gt-item gt-windowstore\"><a href=\"https:\/\/gloriathemes.com\/\" target=\"_blank\" rel=\"noopener\"><svg xmlns=\"http:\/\/www.w3.org\/2000\/svg\" viewbox=\"0 0 448 512\"><path fill=\"currentColor\" d=\"M0 93.7l183.6-25.3v177.4H0V93.7zm0 324.6l183.6 25.3V268.4H0v149.9zm203.8 28L448 480V268.4H203.8v177.9zm0-380.6v180.1H448V32L203.8 65.7z\"><\/path><\/svg><div class=\"gt-inner\"><span class=\"gt-name\">Download via<\/span><span class=\"gt-app-name\">Windows<\/span><\/div><\/a><\/div><div class=\"gt-item gt-amazon\"><a href=\"https:\/\/gloriathemes.com\/\" target=\"_blank\" rel=\"noopener\"><svg xmlns=\"http:\/\/www.w3.org\/2000\/svg\" viewbox=\"0 0 448 512\"><path fill=\"currentColor\" d=\"M257.2 162.7c-48.7 1.8-169.5 15.5-169.5 117.5 0 109.5 138.3 114 183.5 43.2 6.5 10.2 35.4 37.5 45.3 46.8l56.8-56S341 288.9 341 261.4V114.3C341 89 316.5 32 228.7 32 140.7 32 94 87 94 136.3l73.5 6.8c16.3-49.5 54.2-49.5 54.2-49.5 40.7-.1 35.5 29.8 35.5 69.1zm0 86.8c0 80-84.2 68-84.2 17.2 0-47.2 50.5-56.7 84.2-57.8v40.6zm136 163.5c-7.7 10-70 67-174.5 67S34.2 408.5 9.7 379c-6.8-7.7 1-11.3 5.5-8.3C88.5 415.2 203 488.5 387.7 401c7.5-3.7 13.3 2 5.5 12zm39.8 2.2c-6.5 15.8-16 26.8-21.2 31-5.5 4.5-9.5 2.7-6.5-3.8s19.3-46.5 12.7-55c-6.5-8.3-37-4.3-48-3.2-10.8 1-13 2-14-.3-2.3-5.7 21.7-15.5 37.5-17.5 15.7-1.8 41-.8 46 5.7 3.7 5.1 0 27.1-6.5 43.1z\"><\/path><\/svg><div class=\"gt-inner\"><span class=\"gt-name\">Download via<\/span><span class=\"gt-app-name\">Amazon<\/span><\/div><\/a><\/div><\/div><\/div><\/div><\/div><\/div>","protected":false},"excerpt":{"rendered":"Que es el Masaje T\u00e1ntrico? El masaje t\u00e1ntrico es un tipo de masaje que combina t\u00e9cnicas de masaje tradicionales con elementos del tantra, una tradici\u00f3n espiritual y ritual que se origin\u00f3 en la antigua India. El objetivo del masaje t\u00e1ntrico...","protected":false},"author":1,"featured_media":0,"parent":0,"menu_order":0,"comment_status":"closed","ping_status":"closed","template":"","meta":{"footnotes":""},"class_list":["post-338","page","type-page","status-publish","hentry"],"_links":{"self":[{"href":"https:\/\/eroticmassagesfuengirola.com\/es\/wp-json\/wp\/v2\/pages\/338","targetHints":{"allow":["GET"]}}],"collection":[{"href":"https:\/\/eroticmassagesfuengirola.com\/es\/wp-json\/wp\/v2\/pages"}],"about":[{"href":"https:\/\/eroticmassagesfuengirola.com\/es\/wp-json\/wp\/v2\/types\/page"}],"author":[{"embeddable":true,"href":"https:\/\/eroticmassagesfuengirola.com\/es\/wp-json\/wp\/v2\/users\/1"}],"replies":[{"embeddable":true,"href":"https:\/\/eroticmassagesfuengirola.com\/es\/wp-json\/wp\/v2\/comments?post=338"}],"version-history":[{"count":0,"href":"https:\/\/eroticmassagesfuengirola.com\/es\/wp-json\/wp\/v2\/pages\/338\/revisions"}],"wp:attachment":[{"href":"https:\/\/eroticmassagesfuengirola.com\/es\/wp-json\/wp\/v2\/media?parent=338"}],"curies":[{"name":"wp","href":"https:\/\/api.w.org\/{rel}","templated":true}]}}